{"id":14,"date":"2022-08-10T17:58:13","date_gmt":"2022-08-10T14:58:13","guid":{"rendered":"http:\/\/gamabilgisayar.com\/?page_id=14"},"modified":"2022-08-10T17:58:13","modified_gmt":"2022-08-10T14:58:13","slug":"bize-ulasin","status":"publish","type":"page","link":"https:\/\/gamabilgisayar.com\/index.php\/bize-ulasin\/","title":{"rendered":"Bize ula\u015f\u0131n"},"content":{"rendered":"\n<p>Bu, adres ve telefon numaras\u0131 gibi temel ileti\u015fim bilgilerinin oldu\u011fu bir sayfad\u0131r. Ayr\u0131ca bir ileti\u015fim formu eklemek i\u00e7in bir eklenti de deneyebilirsiniz.<\/p>\n","protected":false},"excerpt":{"rendered":"<p>Bu, adres ve telefon numaras\u0131 gibi temel ileti\u015fim bilgilerinin oldu\u011fu bir sayfad\u0131r. Ayr\u0131ca bir ileti\u015fim formu eklemek i\u00e7in bir eklenti de deneyebilirsiniz.<\/p>\n","protected":false},"author":1,"featured_media":0,"parent":0,"menu_order":0,"comment_status":"closed","ping_status":"closed","template":"","meta":{"om_disable_all_campaigns":false,"_mi_skip_tracking":false,"footnotes":""},"_links":{"self":[{"href":"https:\/\/gamabilgisayar.com\/index.php\/wp-json\/wp\/v2\/pages\/14"}],"collection":[{"href":"https:\/\/gamabilgisayar.com\/index.php\/wp-json\/wp\/v2\/pages"}],"about":[{"href":"https:\/\/gamabilgisayar.com\/index.php\/wp-json\/wp\/v2\/types\/page"}],"author":[{"embeddable":true,"href":"https:\/\/gamabilgisayar.com\/index.php\/wp-json\/wp\/v2\/users\/1"}],"replies":[{"embeddable":true,"href":"https:\/\/gamabilgisayar.com\/index.php\/wp-json\/wp\/v2\/comments?post=14"}],"version-history":[{"count":1,"href":"https:\/\/gamabilgisayar.com\/index.php\/wp-json\/wp\/v2\/pages\/14\/revisions"}],"predecessor-version":[{"id":21,"href":"https:\/\/gamabilgisayar.com\/index.php\/wp-json\/wp\/v2\/pages\/14\/revisions\/21"}],"wp:attachment":[{"href":"https:\/\/gamabilgisayar.com\/index.php\/wp-json\/wp\/v2\/media?parent=14"}],"curies":[{"name":"wp","href":"https:\/\/api.w.org\/{rel}","templated":true}]}}