{"id":12,"date":"2022-08-10T17:58:13","date_gmt":"2022-08-10T14:58:13","guid":{"rendered":"http:\/\/gamabilgisayar.com\/?page_id=12"},"modified":"2022-08-10T17:58:13","modified_gmt":"2022-08-10T14:58:13","slug":"yeni-umoma-kapilarini-aciyor-2","status":"publish","type":"page","link":"https:\/\/gamabilgisayar.com\/","title":{"rendered":"Yeni UMoMA kap\u0131lar\u0131n\u0131 a\u00e7\u0131yor"},"content":{"rendered":"<div class=\"wp-block-group alignwide\"><div class=\"wp-block-group__inner-container is-layout-flow wp-block-group-is-layout-flow\"><h2 class=\"has-text-align-center wp-block-heading\">Kuzey \u0130sve\u00e7&#8217;te \u00e7a\u011fda\u015f sanat i\u00e7in birincil var\u0131\u015f noktan\u0131z. Yaz aylar\u0131nda her g\u00fcn 10 ile 18 aras\u0131 a\u00e7\u0131k.<\/h2><\/div><\/div><div class=\"wp-block-columns alignwide is-layout-flex wp-container-8 wp-block-columns-is-layout-flex\"><div class=\"wp-block-column is-layout-flow wp-block-column-is-layout-flow\"><div class=\"wp-block-group\"><div class=\"wp-block-group__inner-container is-layout-flow wp-block-group-is-layout-flow\"><figure class=\"wp-block-image alignfull size-full\"><img decoding=\"async\" src=\"http:\/\/gamabilgisayar.com\/wp-content\/themes\/twentytwenty\/assets\/images\/2020-three-quarters-1.png\" alt=\"\" class=\"wp-image-37\"\/><\/figure><h3 class=\"wp-block-heading\">\u00c7al\u0131\u015fmalar ve G\u00fcnler<\/h3><p>A\u011fustos 1 &#8212; Aral\u0131k 1<\/p><div class=\"wp-block-button is-style-outline\"><a class=\"wp-block-button__link\" href=\"https:\/\/make.wordpress.org\/core\/2019\/09\/27\/block-editor-theme-related-updates-in-wordpress-5-3\/\">Devam\u0131<\/a><\/div><\/div><\/div><div class=\"wp-block-group\"><div class=\"wp-block-group__inner-container is-layout-flow wp-block-group-is-layout-flow\"><figure class=\"wp-block-image alignfull size-full\"><img decoding=\"async\" src=\"http:\/\/gamabilgisayar.com\/wp-content\/themes\/twentytwenty\/assets\/images\/2020-three-quarters-3.png\" alt=\"\" class=\"wp-image-37\"\/><\/figure><h3 class=\"wp-block-heading\">Harekat Tiyatrosu<\/h3><p>Ekim 1 &#8212; Aral\u0131k 1<\/p><div class=\"wp-block-button is-style-outline\"><a class=\"wp-block-button__link\" href=\"https:\/\/make.wordpress.org\/core\/2019\/09\/27\/block-editor-theme-related-updates-in-wordpress-5-3\/\">Devam\u0131<\/a><\/div><\/div><\/div><\/div><div class=\"wp-block-column is-layout-flow wp-block-column-is-layout-flow\"><div class=\"wp-block-group\"><div class=\"wp-block-group__inner-container is-layout-flow wp-block-group-is-layout-flow\"><figure class=\"wp-block-image alignfull size-full\"><img decoding=\"async\" src=\"http:\/\/gamabilgisayar.com\/wp-content\/themes\/twentytwenty\/assets\/images\/2020-three-quarters-2.png\" alt=\"\" class=\"wp-image-37\"\/><\/figure><h3 class=\"wp-block-heading\">Hak Etti\u011fim Ya\u015fam<\/h3><p>A\u011fustos 1 &#8212; Aral\u0131k 1<\/p><div class=\"wp-block-button is-style-outline\"><a class=\"wp-block-button__link\" href=\"https:\/\/make.wordpress.org\/core\/2019\/09\/27\/block-editor-theme-related-updates-in-wordpress-5-3\/\">Devam\u0131<\/a><\/div><\/div><\/div><div class=\"wp-block-group\"><div class=\"wp-block-group__inner-container is-layout-flow wp-block-group-is-layout-flow\"><figure class=\"wp-block-image alignfull size-full\"><img decoding=\"async\" src=\"http:\/\/gamabilgisayar.com\/wp-content\/themes\/twentytwenty\/assets\/images\/2020-three-quarters-4.png\" alt=\"\" class=\"wp-image-37\"\/><\/figure><h3 class=\"wp-block-heading\">Signac&#8217;tan Matisse&#8217;e<\/h3><p>Ekim 1 &#8212; Aral\u0131k 1<\/p><div class=\"wp-block-button is-style-outline\"><a class=\"wp-block-button__link\" href=\"https:\/\/make.wordpress.org\/core\/2019\/09\/27\/block-editor-theme-related-updates-in-wordpress-5-3\/\">Devam\u0131<\/a><\/div><\/div><\/div><\/div><\/div><figure class=\"wp-block-image alignfull size-full\"><img decoding=\"async\" src=\"http:\/\/gamabilgisayar.com\/wp-content\/themes\/twentytwenty\/assets\/images\/2020-landscape-2.png\" alt=\"\" class=\"wp-image-37\"\/><\/figure><div class=\"wp-block-group alignwide\"><div class=\"wp-block-group__inner-container is-layout-flow wp-block-group-is-layout-flow\"><h2 class=\"has-accent-color has-text-align-center wp-block-heading\">&#8220;Cyborgs, as the philosopher Donna Haraway established, are not reverent. They do not remember the cosmos.&#8221;<\/h2><\/div><\/div><p class=\"has-drop-cap\">Yedi katl\u0131 \u00e7arp\u0131c\u0131 mimarisi ile UMoMA uluslararas\u0131 modern sanat sergileri ve kimi zaman da retrospektif tarihi sanat sergileri sergiler. Varolu\u00e7u, politik ve felsefi konular program\u0131m\u0131z\u0131n vazge\u00e7ilmez par\u00e7alar\u0131d\u0131r. Ziyaret\u00e7ilerimiz olarak rehberleri sanat\u00e7\u0131 konu\u015fmalar\u0131, dersler, film g\u00f6sterimleri ve bir \u00e7ok etkinli\u011fe \u00fccretsiz kat\u0131labilirsiniz<\/p><p>Sergiler UMoMA taraf\u0131ndan yap\u0131lmaktad\u0131r ve d\u00fcnyan\u0131n her yerinden sanat\u00e7\u0131lar ve m\u00fczeler taraf\u0131ndan desteklenmektedir, \u00e7o\u011funlukla da uluslararas\u0131 bir ilgi g\u00f6rmektedir. UMoMA Avrupa Y\u0131l\u0131n m\u00fczesi \u00f6zel \u00f6d\u00fcl\u00fcn\u00fc alm\u0131\u015ft\u0131r ve \u0130sve\u00e7 Y\u0131l\u0131n M\u00fczesi, Avrupa Konseyi M\u00fcze \u00f6d\u00fcl\u00fc gibi bir \u00e7ok \u00f6d\u00fcl i\u00e7in de \u00fcst s\u0131ralarda aday g\u00f6sterilmektedir.<\/p><p><\/p><div class=\"wp-block-group alignwide has-background\" style=\"background-color:#ffffff\"><div class=\"wp-block-group__inner-container is-layout-flow wp-block-group-is-layout-flow\"><div class=\"wp-block-group\"><div class=\"wp-block-group__inner-container is-layout-flow wp-block-group-is-layout-flow\"><h2 class=\"has-text-align-center wp-block-heading\">\u00dcye olun ve \u00f6zel teklifler al\u0131n!<\/h2><p class=\"has-text-align-center\">\u00dcyeler \u00f6zel sergilere ve sat\u0131\u015flara ula\u015fabiliyor. \u00dcyelik \u00fccretimiz 99,99$ ve y\u0131ll\u0131k \u00fccretlendirilir.<\/p><div class=\"wp-block-button aligncenter\"><a class=\"wp-block-button__link\" href=\"https:\/\/make.wordpress.org\/core\/2019\/09\/27\/block-editor-theme-related-updates-in-wordpress-5-3\/\">Kul\u00fcbe kat\u0131l\u0131n<\/a><\/div><\/div><\/div><\/div><\/div><figure class=\"wp-block-gallery alignwide columns-2 is-cropped wp-block-gallery-12 is-layout-flex wp-block-gallery-is-layout-flex\"><ul class=\"blocks-gallery-grid\"><li class=\"blocks-gallery-item\"><figure><img decoding=\"async\" src=\"http:\/\/gamabilgisayar.com\/wp-content\/themes\/twentytwenty\/assets\/images\/2020-square-2.png\" alt=\"\" data-id=\"39\" data-full-url=\"http:\/\/gamabilgisayar.com\/wp-content\/themes\/twentytwenty\/assets\/images\/2020-square-2.png\" data-link=\"assets\/images\/2020-square-2\/\" class=\"wp-image-39\"\/><\/figure><\/li><li class=\"blocks-gallery-item\"><figure><img decoding=\"async\" src=\"http:\/\/gamabilgisayar.com\/wp-content\/themes\/twentytwenty\/assets\/images\/2020-square-1.png\" alt=\"\" data-id=\"38\" data-full-url=\"http:\/\/gamabilgisayar.com\/wp-content\/themes\/twentytwenty\/assets\/images\/2020-square-1.png\" data-link=\"http:\/\/gamabilgisayar.com\/wp-content\/themes\/twentytwenty\/assets\/images\/2020-square-1\/\" class=\"wp-image-38\"\/><\/figure><\/li><\/ul><\/figure>","protected":false},"excerpt":{"rendered":"<p>Kuzey \u0130sve\u00e7&#8217;te \u00e7a\u011fda\u015f sanat i\u00e7in birincil var\u0131\u015f noktan\u0131z. Yaz aylar\u0131nda her g\u00fcn 10 ile 18 aras\u0131 a\u00e7\u0131k. \u00c7al\u0131\u015fmalar ve G\u00fcnler A\u011fustos 1 &#8212; Aral\u0131k 1 Harekat Tiyatrosu Ekim 1 &#8212; Aral\u0131k 1 Hak Etti\u011fim Ya\u015fam A\u011fustos 1 &#8212; Aral\u0131k 1 Signac&#8217;tan Matisse&#8217;e Ekim 1 &#8212; Aral\u0131k 1 &#8220;Cyborgs, as the philosopher Donna Haraway established, are [&hellip;]<\/p>\n","protected":false},"author":1,"featured_media":11,"parent":0,"menu_order":0,"comment_status":"closed","ping_status":"closed","template":"","meta":{"om_disable_all_campaigns":false,"_mi_skip_tracking":false,"footnotes":""},"_links":{"self":[{"href":"https:\/\/gamabilgisayar.com\/index.php\/wp-json\/wp\/v2\/pages\/12"}],"collection":[{"href":"https:\/\/gamabilgisayar.com\/index.php\/wp-json\/wp\/v2\/pages"}],"about":[{"href":"https:\/\/gamabilgisayar.com\/index.php\/wp-json\/wp\/v2\/types\/page"}],"author":[{"embeddable":true,"href":"https:\/\/gamabilgisayar.com\/index.php\/wp-json\/wp\/v2\/users\/1"}],"replies":[{"embeddable":true,"href":"https:\/\/gamabilgisayar.com\/index.php\/wp-json\/wp\/v2\/comments?post=12"}],"version-history":[{"count":1,"href":"https:\/\/gamabilgisayar.com\/index.php\/wp-json\/wp\/v2\/pages\/12\/revisions"}],"predecessor-version":[{"id":19,"href":"https:\/\/gamabilgisayar.com\/index.php\/wp-json\/wp\/v2\/pages\/12\/revisions\/19"}],"wp:featuredmedia":[{"embeddable":true,"href":"https:\/\/gamabilgisayar.com\/index.php\/wp-json\/wp\/v2\/media\/11"}],"wp:attachment":[{"href":"https:\/\/gamabilgisayar.com\/index.php\/wp-json\/wp\/v2\/media?parent=12"}],"curies":[{"name":"wp","href":"https:\/\/api.w.org\/{rel}","templated":true}]}}